{"id":856,"date":"2017-06-25T16:33:39","date_gmt":"2017-06-25T14:33:39","guid":{"rendered":"http:\/\/www.oazaopole.pl\/?page_id=856"},"modified":"2022-12-08T21:52:50","modified_gmt":"2022-12-08T19:52:50","slug":"podstawowe-informacje","status":"publish","type":"page","link":"https:\/\/www.oazaopole.pl\/?page_id=856","title":{"rendered":"Podstawowe informacje"},"content":{"rendered":"<h3 style=\"text-align: center;\"><strong>Znakiem Ruchu \u015awiat\u0142o-\u017bycie jest starochrze\u015bcija\u0144ski symbol fos-zoe (gr. s\u0142owa \u015bwiat\u0142o i \u017cycie splecione liter\u0105 omega, tworz\u0105ce krzy\u017c).<\/strong><br \/>\n<strong> Duchowo\u015b\u0107 Ruchu \u015awiat\u0142o-\u017bycie zosta\u0142a wyra\u017cona w &#8220;Drogowskazach Nowego Cz\u0142owieka&#8221;. Ma\u0142\u017conkowie \u017cyj\u0105c tre\u015bci\u0105 &#8220;Drogowskaz\u00f3w&#8221; realizuj\u0105 je w &#8220;Zobowi\u0105zaniach Domowego Ko\u015bcio\u0142a&#8221;.<\/strong><\/h3>\n<h3 style=\"text-align: center;\"><strong>Cel Ruchu \u015awiat\u0142o-\u017bycie jest osi\u0105gany poprzez realizacj\u0119 programu formacyjnego. Ka\u017cdy uczestnik Ruchu po ewangelizacji, prowadz\u0105cej do przyj\u0119cia Jezusa Chrystusa jako swego Pana i Zbawiciela, uczestniczy w formacji w grupie uczni\u00f3w Jezusa (deuterokatechumenat) a nast\u0119pnie we wsp\u00f3lnocie diakonijnej, podejmuj\u0105c konkretn\u0105 s\u0142u\u017cb\u0119 (diakoni\u0119) w Ko\u015bciele i \u015bwiecie. Ewangelizacja &#8211; katechumenat &#8211; diakonia, to trzy etapy drogi formacyjnej Ruchu \u015awiat\u0142o-\u017bycie na wszystkich poziomach formacji.<\/strong><\/h3>\n<h3 style=\"text-align: center;\"><strong>Podstawowe metody realizacji programu formacyjnego to: metoda &#8220;\u015bwiat\u0142o-\u017cycie&#8221;, przenikaj\u0105ca wszystkie elementy programu formacyjnego, oaza rekolekcyjna i ma\u0142a grupa formacyjna. Specyfik\u0105 metody Ruchu \u015awiat\u0142o-\u017bycie jest realizacja zasady &#8220;\u017cycie z \u017cycia&#8221; i zasady organicznego wzrostu.<\/strong><\/h3>\n<h3 style=\"text-align: center;\"><strong>Struktura ruchu jest zgodna ze struktur\u0105 Ko\u015bcio\u0142a Ma\u0142e grupy do kt\u00f3rych nale\u017c\u0105 uczestnicy Ruchu, zasadniczo tworz\u0105 jego wsp\u00f3lnot\u0119 w parafii. Wsp\u00f3lnoty Ruchu utrzymuj\u0105 ze sob\u0105 \u0142\u0105czno\u015b\u0107 spotykaj\u0105c si\u0119 na Dniach Wsp\u00f3lnoty. Odpowiedzialno\u015b\u0107 za ca\u0142o\u015b\u0107 Ruchu sprawuje Moderator Generalny Ruchu \u015awiat\u0142o-\u017bycie. Na szczeblu kraju, diecezji i parafii odpowiedzialno\u015b\u0107 pe\u0142ni\u0105 moderatorzy krajowi, diecezjalni i parafialni. Ka\u017cdy moderator pe\u0142ni sw\u0105 pos\u0142ug\u0105 wraz z zespo\u0142em diakonii. Diakoni\u0119 moderacji mog\u0105 pe\u0142ni\u0107 zar\u00f3wno osoby \u015bwieckie, jak i duchowne.<\/strong><\/h3>\n<h3 style=\"text-align: center;\"><strong>Kap\u0142ani w Ruchu spe\u0142niaj\u0105 rol\u0119 moderator\u00f3w, a nie nale\u017c\u0105cy do niego &#8211; opiekun\u00f3w. Spoczywa na nich odpowiedzialno\u015b\u0107 za duchow\u0105 formacj\u0105 uczestnik\u00f3w Ruchu i eklezjalno\u015b\u0107 wsp\u00f3lnot. Pocz\u0105tki historii Ruchu si\u0119gaj\u0105 pierwszej oazy, kt\u00f3ra odby\u0142a si\u0119 w r. 1954 Ruch \u015awiat\u0142o-\u017bycie rozwin\u0105\u0142 si\u0119 z oaz &#8211; rekolekcji zamkni\u0119tych prowadzonych metod\u0105 prze\u017cyciow\u0105.. Przed rokiem 1976 Ruch by\u0142 znany pod nazw\u0105 &#8220;Ruch oazowy&#8221;, &#8220;Ruch \u017bywego Ko\u015bcio\u0142a&#8221;. Tw\u00f3rc\u0105 oazy, za\u0142o\u017cycielem Ruchu i pierwszym moderatorem krajowym by\u0142 ks. Franciszek Blachnicki (24 III 1921 &#8211; 27 II 1987). Ruch \u015awiat\u0142o-\u017bycie powsta\u0142 i rozwija si\u0119 w Polsce a w ostatnich kilkunastu latach rozszerza si\u0119 r\u00f3wnie\u017c poza jej granicami: na S\u0142owacji, w Czechach, w Niemczech, na Bia\u0142orusi, \u0141otwie.<\/strong><\/h3>\n","protected":false},"excerpt":{"rendered":"<p>Znakiem Ruchu \u015awiat\u0142o-\u017bycie jest starochrze\u015bcija\u0144ski symbol fos-zoe (gr. s\u0142owa \u015bwiat\u0142o i \u017cycie splecione liter\u0105 omega, tworz\u0105ce krzy\u017c). Duchowo\u015b\u0107 Ruchu \u015awiat\u0142o-\u017bycie zosta\u0142a wyra\u017cona w &#8220;Drogowskazach Nowego Cz\u0142owieka&#8221;. Ma\u0142\u017conkowie \u017cyj\u0105c tre\u015bci\u0105 &#8220;Drogowskaz\u00f3w&#8221; realizuj\u0105 je w &#8220;Zobowi\u0105zaniach Domowego Ko\u015bcio\u0142a&#8221;. Cel Ruchu \u015awiat\u0142o-\u017bycie jest osi\u0105gany poprzez realizacj\u0119 programu formacyjnego. Ka\u017cdy uczestnik Ruchu po ewangelizacji, prowadz\u0105cej do przyj\u0119cia Jezusa Chrystusa &hellip; <\/p>\n<p class=\"link-more\"><a href=\"https:\/\/www.oazaopole.pl\/?page_id=856\" class=\"more-link\">Read more<span class=\"screen-reader-text\"> &#8220;Podstawowe informacje&#8221;<\/span><\/a><\/p>\n","protected":false},"author":1,"featured_media":0,"parent":833,"menu_order":1,"comment_status":"closed","ping_status":"closed","template":"","meta":{"_coblocks_attr":"","_coblocks_dimensions":"","_coblocks_responsive_height":"","_coblocks_accordion_ie_support":"","editor_plus_copied_stylings":"{}","footnotes":""},"class_list":["post-856","page","type-page","status-publish","hentry"],"featured_media_urls":[],"_links":{"self":[{"href":"https:\/\/www.oazaopole.pl\/index.php?rest_route=\/wp\/v2\/pages\/856","targetHints":{"allow":["GET"]}}],"collection":[{"href":"https:\/\/www.oazaopole.pl\/index.php?rest_route=\/wp\/v2\/pages"}],"about":[{"href":"https:\/\/www.oazaopole.pl\/index.php?rest_route=\/wp\/v2\/types\/page"}],"author":[{"embeddable":true,"href":"https:\/\/www.oazaopole.pl\/index.php?rest_route=\/wp\/v2\/users\/1"}],"replies":[{"embeddable":true,"href":"https:\/\/www.oazaopole.pl\/index.php?rest_route=%2Fwp%2Fv2%2Fcomments&post=856"}],"version-history":[{"count":8,"href":"https:\/\/www.oazaopole.pl\/index.php?rest_route=\/wp\/v2\/pages\/856\/revisions"}],"predecessor-version":[{"id":1711,"href":"https:\/\/www.oazaopole.pl\/index.php?rest_route=\/wp\/v2\/pages\/856\/revisions\/1711"}],"up":[{"embeddable":true,"href":"https:\/\/www.oazaopole.pl\/index.php?rest_route=\/wp\/v2\/pages\/833"}],"wp:attachment":[{"href":"https:\/\/www.oazaopole.pl\/index.php?rest_route=%2Fwp%2Fv2%2Fmedia&parent=856"}],"curies":[{"name":"wp","href":"https:\/\/api.w.org\/{rel}","templated":true}]}}