{"id":858,"date":"2017-06-25T16:34:11","date_gmt":"2017-06-25T16:34:11","guid":{"rendered":"http:\/\/www.oazaopole.pl\/?page_id=858"},"modified":"2022-12-08T20:40:10","modified_gmt":"2022-12-08T18:40:10","slug":"w-diecezji-opolskiej","status":"publish","type":"page","link":"https:\/\/www.oazaopole.pl\/?page_id=858","title":{"rendered":"W diecezji opolskiej"},"content":{"rendered":"<h3 style=\"text-align: center;\"><strong>Pierwsza rekolekcyjna Oaza diecezji opolskiej odby\u0142a si\u0119 1973 r. w Ochotnicy G\u00f3rnej ko\u0142o Kro\u015bcienka. Na pocz\u0105tku Ruch \u015awiat\u0142o-\u017bycie dzia\u0142a\u0142 nieformalnie. Pierwszym oficjalnym moderatorem diecezjalnym by\u0142 ks. Bonifacy Madla. Zanim otrzyma\u0142 dekret, w 1979 r. ordynariusz bp Alfons Nossol wys\u0142a\u0142 go na studia przygotowawcze do Lublina do ks. Franciszka Blachnickiego.<\/strong><\/h3>\n<h3 style=\"text-align: center;\"><strong>Moderatorzy Ruchu \u015awiat\u0142o-\u017bycie w diecezji opolskiej to: ks. Bonifacy Madla (1980-1989), ks. Krystian Worbs (1989-1992), ks. Adam Rogalski (1992-2003), ks. Grzegorz Rencz (2003-2008), ks. S\u0142awomir Kwiatkowski (2008-2015), ks. Leszek Rygucki (2015-2019), ks. \u0141ukasz Michalik ( od 2019-nadal)<br \/>\n<\/strong><\/h3>\n","protected":false},"excerpt":{"rendered":"<p>Pierwsza rekolekcyjna Oaza diecezji opolskiej odby\u0142a si\u0119 1973 r. w Ochotnicy G\u00f3rnej ko\u0142o Kro\u015bcienka. Na pocz\u0105tku Ruch \u015awiat\u0142o-\u017bycie dzia\u0142a\u0142 nieformalnie. Pierwszym oficjalnym moderatorem diecezjalnym by\u0142 ks. Bonifacy Madla. Zanim otrzyma\u0142 dekret, w 1979 r. ordynariusz bp Alfons Nossol wys\u0142a\u0142 go na studia przygotowawcze do Lublina do ks. Franciszka Blachnickiego. Moderatorzy Ruchu \u015awiat\u0142o-\u017bycie w diecezji opolskiej &hellip; <\/p>\n<p class=\"link-more\"><a href=\"https:\/\/www.oazaopole.pl\/?page_id=858\" class=\"more-link\">Read more<span class=\"screen-reader-text\"> &#8220;W diecezji opolskiej&#8221;<\/span><\/a><\/p>\n","protected":false},"author":1,"featured_media":0,"parent":833,"menu_order":0,"comment_status":"closed","ping_status":"closed","template":"","meta":{"_coblocks_attr":"","_coblocks_dimensions":"","_coblocks_responsive_height":"","_coblocks_accordion_ie_support":"","editor_plus_copied_stylings":"{}","footnotes":""},"class_list":["post-858","page","type-page","status-publish","hentry"],"featured_media_urls":[],"_links":{"self":[{"href":"https:\/\/www.oazaopole.pl\/index.php?rest_route=\/wp\/v2\/pages\/858","targetHints":{"allow":["GET"]}}],"collection":[{"href":"https:\/\/www.oazaopole.pl\/index.php?rest_route=\/wp\/v2\/pages"}],"about":[{"href":"https:\/\/www.oazaopole.pl\/index.php?rest_route=\/wp\/v2\/types\/page"}],"author":[{"embeddable":true,"href":"https:\/\/www.oazaopole.pl\/index.php?rest_route=\/wp\/v2\/users\/1"}],"replies":[{"embeddable":true,"href":"https:\/\/www.oazaopole.pl\/index.php?rest_route=%2Fwp%2Fv2%2Fcomments&post=858"}],"version-history":[{"count":4,"href":"https:\/\/www.oazaopole.pl\/index.php?rest_route=\/wp\/v2\/pages\/858\/revisions"}],"predecessor-version":[{"id":2007,"href":"https:\/\/www.oazaopole.pl\/index.php?rest_route=\/wp\/v2\/pages\/858\/revisions\/2007"}],"up":[{"embeddable":true,"href":"https:\/\/www.oazaopole.pl\/index.php?rest_route=\/wp\/v2\/pages\/833"}],"wp:attachment":[{"href":"https:\/\/www.oazaopole.pl\/index.php?rest_route=%2Fwp%2Fv2%2Fmedia&parent=858"}],"curies":[{"name":"wp","href":"https:\/\/api.w.org\/{rel}","templated":true}]}}