{"id":860,"date":"2017-06-24T16:34:48","date_gmt":"2017-06-24T14:34:48","guid":{"rendered":"http:\/\/www.oazaopole.pl\/?page_id=860"},"modified":"2022-12-08T21:46:10","modified_gmt":"2022-12-08T19:46:10","slug":"formacja-mlodziezy","status":"publish","type":"page","link":"https:\/\/www.oazaopole.pl\/?page_id=860","title":{"rendered":"Formacja m\u0142odzie\u017cy"},"content":{"rendered":"<h3><strong>Program formacyjny jest propozycj\u0105 drogi dojrzewania w wierze dla uczestnik\u00f3w Ruchu \u015awiat\u0142o-\u017bycie (dzieci, m\u0142odzie\u017cy, doros\u0142ych, rodzin, kap\u0142an\u00f3w, os\u00f3b konsekrowanych i in.) Jego celem jest osi\u0105gni\u0119cie chrze\u015bcija\u0144skiej dojrza\u0142o\u015bci, kt\u00f3ra wyra\u017ca si\u0119 poprzez osobist\u0105 relacj\u0119 do Jezusa Chrystusa, wynikaj\u0105c\u0105 z \u015bwiadomego odnowienia sakramentu chrztu \u015bw. oraz w zaanga\u017cowaniu we wsp\u00f3lnocie Ko\u015bcio\u0142a, czyli w diakonii.<\/strong><\/h3>\n<h3><strong>Droga formacji sk\u0142ada si\u0119 z trzech zasadniczych etap\u00f3w, kt\u00f3re okre\u015blamy nazwami:<\/strong><br \/>\n<strong> &#8211; ewangelizacja<\/strong><br \/>\n<strong> &#8211; deuterokatechumenat<\/strong><br \/>\n<strong> &#8211; diakonia<\/strong><br \/>\n<strong> W trakcie poszczeg\u00f3lnych etap\u00f3w obok pracy osobistej wa\u017cn\u0105 rol\u0119 odgrywaj\u0105 cotygodniowe spotkania formacyjne (w przypadku rodzin &#8211; comiesi\u0119czne) oraz oazy rekolekcyjne, kt\u00f3re odbywaj\u0105 si\u0119 w wakacje.<\/strong><\/h3>\n<h3><strong>Program formacyjny etapu ewangelizacji obejmuje:<\/strong><br \/>\n<strong> &#8211; udzia\u0142 w ewangelizacji indywidualnej lub rekolekcjach ewangelizacyjnych, zako\u0144czonych decyzj\u0105 przyj\u0119cia Jezusa Chrystusa, jako Pana i Zbawiciela oraz decyzj\u0105 wej\u015bcia na drog\u0119 uczni\u00f3w Chrystusa poprzez w\u0142\u0105czenie si\u0119 do grupy formacyjnej (postewangelizacyjnej).<\/strong><br \/>\n<strong> &#8211; 4 spotkania nad Ewangeli\u0105 wg \u015bw. \u0141ukasza<\/strong><br \/>\n<strong> &#8211; 8 spotka\u0144 poewangelizacyjnych<\/strong><br \/>\n<strong> &#8211; Oaz\u0119 Nowego \u017bycia I stopnia, kt\u00f3rej g\u0142\u00f3wnym celem jest spotkanie z Chrystusem obecnym w S\u0142owie Bo\u017cym. Na zako\u0144czenie oazy I stopnia, lub po powrocie uczestnicy podejmuj\u0105 decyzje podj\u0119cia formacji deuterokatechumenalnej.<\/strong><\/h3>\n<h3><strong>Program formacyjny deuterokatechumenatu obejmuje:<\/strong><br \/>\n<strong> &#8211; 11 spotka\u0144 ewangelicznych pt. &#8220;Droga Nowego \u017bycia&#8221;, kt\u00f3rych celem jest utrwalenie w warunkach codziennego \u017cycia tre\u015bci prze\u017cytych podczas oazy rekolekcyjnej I stopnia<\/strong><br \/>\n<strong> &#8211; spotkania pt. &#8220;Dziesi\u0119\u0107 krok\u00f3w ku dojrza\u0142o\u015bci chrze\u015bcija\u0144skiej&#8221;, kt\u00f3re w syntetyczny spos\u00f3b ukazuj\u0105 podstawowe tre\u015bci wiary uj\u0119te w trzy grupy:<\/strong><br \/>\n<strong> 1) dogmatyczne podstawy chrze\u015bcija\u0144skiej wiary &#8211; kroki: Jezus Chrystus, Niepokalana, Duch \u015awi\u0119ty, Ko\u015bci\u00f3\u0142<\/strong><br \/>\n<strong> 2) ascetyczne \u015brodki chrze\u015bcija\u0144skiego wzrostu &#8211; kroki: S\u0142owo Bo\u017ce, Modlitwa, Liturgii<\/strong><br \/>\n<strong> 3) elementy apostolstwa- kroki: \u015awiadectwo, Nowa Kultura, Agape<\/strong><\/h3>\n<h3><strong>Dogmatyczne podstawy chrze\u015bcija\u0144skiej wiary zawarte w krokach Jezus Chrystus, Niepokalana, Duch \u015awi\u0119ty, Ko\u015bci\u00f3\u0142 maj\u0105 ukaza\u0107 i kszta\u0142towa\u0107 relacje cz\u0142owieka wierz\u0105cego do poszczeg\u00f3lnych Os\u00f3b Tr\u00f3jcy \u015awi\u0119tej oraz do innych ludzi.<\/strong><br \/>\n<strong> Ascetyczne \u015brodki chrze\u015bcija\u0144skiego wzrostu w krokach S\u0142owo Bo\u017ce, Modlitwa, Liturgia s\u0142u\u017c\u0105 zar\u00f3wno ukazaniu jak te\u017c wdro\u017ceniu w praktyki, \u0107wiczenia i inne sposoby wyra\u017cania \u017cycia chrze\u015bcija\u0144skiego, dzi\u0119ki kt\u00f3rym to \u017cycie si\u0119 rozwija.<\/strong><br \/>\n<strong> Elementy apostolstwa zawarte w krokach \u015awiadectwo, Nowa Kultura, Agape ukazuj\u0105 konsekwencje przyj\u0119tych prawd i charakteryzuj\u0105 spos\u00f3b apostolskiego zaanga\u017cowania cz\u0142onk\u00f3w wsp\u00f3lnot Ruchu \u015awiat\u0142o-\u017bycie<\/strong><\/h3>\n<h3><strong> Oaz\u0119 Nowego \u017bycia II stopnia, kt\u00f3ra ma na celu:<\/strong><br \/>\n<strong> &#8211; inicjacj\u0119 liturgiczno-sakramentaln\u0105;<\/strong><br \/>\n<strong> &#8211; doprowadzenie do wewn\u0119trznej wolno\u015bci cz\u0142owieka &#8211; wyzwalanie z &#8220;cz\u0142owieka starego&#8221; poprzez rozwa\u017canie Ksi\u0119gi Wyj\u015bcia<\/strong><br \/>\n<strong> &#8211; 11 kr\u0119g\u00f3w biblijnych pt. &#8220;Wprowadzenie w Bibli\u0119 jako w histori\u0119 zbawienia&#8221;, kt\u00f3rych celem jest ukazanie sensu historiozbawczego i teologicznego wszystkich ksi\u0105g Pisma \u015awi\u0119tego, by ka\u017cdy z cz\u0142onk\u00f3w grupy m\u00f3g\u0142 odnale\u017a\u0107 siebie i swoje \u017cycie w\u0142\u0105czone w plan zbawienia.<\/strong><br \/>\n<strong> -w\u0142a\u015bciwy etap inicjacji liturgiczno-sakramentalnej, czyli:<\/strong><br \/>\n<strong> 1) kr\u0119gi liturgiczno-biblijne nawi\u0105zuj\u0105ce do niedzielnych czyta\u0144, kt\u00f3rych celem jest pog\u0142\u0119bienie inicjacji eucharystycznej oraz zwr\u00f3cenie uwagi na ten spos\u00f3b dialogu z Bogiem<\/strong><br \/>\n<strong> 2) przygotowanie do odnowy przymierza chrztu \u015bw. w oparciu o prac\u0119 z Notatnikiem Wielkopostnym pt. &#8220;Zawieram z Wami przymierze&#8221;<\/strong><br \/>\n<strong> 3) Triduum Paschalne, prze\u017cyte w formie rekolekcji i odnowa przymierza chrztu \u015bw.<\/strong><\/h3>\n","protected":false},"excerpt":{"rendered":"<p>Program formacyjny jest propozycj\u0105 drogi dojrzewania w wierze dla uczestnik\u00f3w Ruchu \u015awiat\u0142o-\u017bycie (dzieci, m\u0142odzie\u017cy, doros\u0142ych, rodzin, kap\u0142an\u00f3w, os\u00f3b konsekrowanych i in.) Jego celem jest osi\u0105gni\u0119cie chrze\u015bcija\u0144skiej dojrza\u0142o\u015bci, kt\u00f3ra wyra\u017ca si\u0119 poprzez osobist\u0105 relacj\u0119 do Jezusa Chrystusa, wynikaj\u0105c\u0105 z \u015bwiadomego odnowienia sakramentu chrztu \u015bw. oraz w zaanga\u017cowaniu we wsp\u00f3lnocie Ko\u015bcio\u0142a, czyli w diakonii. Droga formacji sk\u0142ada &hellip; <\/p>\n<p class=\"link-more\"><a href=\"https:\/\/www.oazaopole.pl\/?page_id=860\" class=\"more-link\">Read more<span class=\"screen-reader-text\"> &#8220;Formacja m\u0142odzie\u017cy&#8221;<\/span><\/a><\/p>\n","protected":false},"author":1,"featured_media":0,"parent":833,"menu_order":0,"comment_status":"closed","ping_status":"closed","template":"","meta":{"_coblocks_attr":"","_coblocks_dimensions":"","_coblocks_responsive_height":"","_coblocks_accordion_ie_support":"","editor_plus_copied_stylings":"{}","footnotes":""},"class_list":["post-860","page","type-page","status-publish","hentry"],"featured_media_urls":[],"_links":{"self":[{"href":"https:\/\/www.oazaopole.pl\/index.php?rest_route=\/wp\/v2\/pages\/860","targetHints":{"allow":["GET"]}}],"collection":[{"href":"https:\/\/www.oazaopole.pl\/index.php?rest_route=\/wp\/v2\/pages"}],"about":[{"href":"https:\/\/www.oazaopole.pl\/index.php?rest_route=\/wp\/v2\/types\/page"}],"author":[{"embeddable":true,"href":"https:\/\/www.oazaopole.pl\/index.php?rest_route=\/wp\/v2\/users\/1"}],"replies":[{"embeddable":true,"href":"https:\/\/www.oazaopole.pl\/index.php?rest_route=%2Fwp%2Fv2%2Fcomments&post=860"}],"version-history":[{"count":5,"href":"https:\/\/www.oazaopole.pl\/index.php?rest_route=\/wp\/v2\/pages\/860\/revisions"}],"predecessor-version":[{"id":1705,"href":"https:\/\/www.oazaopole.pl\/index.php?rest_route=\/wp\/v2\/pages\/860\/revisions\/1705"}],"up":[{"embeddable":true,"href":"https:\/\/www.oazaopole.pl\/index.php?rest_route=\/wp\/v2\/pages\/833"}],"wp:attachment":[{"href":"https:\/\/www.oazaopole.pl\/index.php?rest_route=%2Fwp%2Fv2%2Fmedia&parent=860"}],"curies":[{"name":"wp","href":"https:\/\/api.w.org\/{rel}","templated":true}]}}