{"id":886,"date":"2017-06-25T17:12:28","date_gmt":"2017-06-25T17:12:28","guid":{"rendered":"http:\/\/www.oazaopole.pl\/?page_id=886"},"modified":"2022-12-09T20:26:27","modified_gmt":"2022-12-09T18:26:27","slug":"wspolnota-w-kietrzu","status":"publish","type":"page","link":"https:\/\/www.oazaopole.pl\/?page_id=886","title":{"rendered":"Wsp\u00f3lnoty w naszej diecezji"},"content":{"rendered":"\n<p class=\" eplus-wrapper\"><\/p>\n\n\n\n<div class=\"ext editor:no-inserter ext-my-0 ext-py-lg wp-block-group alignfull has-black-background-color has-background eplus-wrapper\"><div class=\"wp-block-group__inner-container is-layout-constrained wp-block-group-is-layout-constrained\"><div class=\"tablet:fullwidth-cols ext-mb-base wp-block-columns alignwide eplus-wrapper is-layout-flex wp-container-core-columns-is-layout-9d6595d7 wp-block-columns-is-layout-flex eplus-styles-uid-cb76f7\">\n<div class=\"editor:no-inserter ext-mb-base ext-mt-0 wp-block-column eplus-wrapper is-layout-flow wp-block-column-is-layout-flow\" style=\"flex-basis:100%\">\n<h2 class=\"ext-my-0 ext-p-0 has-white-color has-text-color has-ext-x-large-font-size eplus-wrapper wp-block-heading\" id=\"our-story-our-mission\">Wsp\u00f3lnoty w naszej diecezji :<\/h2>\n<\/div>\n<\/div>\n\n<div class=\"tablet:fullwidth-cols ext-mt-base tablet:ext-mb-base ext-pb-base wp-block-columns alignwide eplus-wrapper is-layout-flex wp-container-core-columns-is-layout-9d6595d7 wp-block-columns-is-layout-flex eplus-styles-uid-eff0c9\">\n<div class=\"wp-block-column eplus-wrapper is-layout-flow wp-block-column-is-layout-flow\">\n<h3 class=\"ext-mt-0 ext-mb-base ext-p-0 has-white-color has-text-color has-ext-large-font-size eplus-wrapper wp-block-heading\" id=\"who-we-are\">Opole<\/h3>\n\n\n\n<p class=\"has-white-color has-text-color eplus-wrapper\">parafia <strong>Przemienienia Pa\u0144skiego<\/strong><\/p>\n<\/div>\n\n\n\n<div class=\"wp-block-column eplus-wrapper is-layout-flow wp-block-column-is-layout-flow\">\n<h3 class=\"ext-mt-0 ext-mb-base ext-p-0 has-white-color has-text-color has-ext-large-font-size eplus-wrapper wp-block-heading\" id=\"what-we-do\">Krapkowice<\/h3>\n\n\n\n<p class=\"ext-p-0 ext-mt-0 has-white-color has-text-color eplus-wrapper\">parafia <strong>\u015bw. Miko\u0142aja<\/strong><\/p>\n<\/div>\n\n\n\n<div class=\"wp-block-column eplus-wrapper is-layout-flow wp-block-column-is-layout-flow\">\n<h3 class=\"ext-mt-0 ext-mb-base ext-p-0 has-white-color has-text-color has-ext-large-font-size eplus-wrapper wp-block-heading\" id=\"how-we-do-it\">Prudnik<\/h3>\n\n\n\n<p class=\"ext-mt-0 ext-p-0 has-white-color has-text-color eplus-wrapper\">parafia <strong>\u015bw. Micha\u0142a Archanio\u0142a<\/strong><\/p>\n<\/div>\n<\/div>\n\n<div class=\"tablet:fullwidth-cols ext-mt-base tablet:ext-mb-base ext-pb-base wp-block-columns alignwide eplus-wrapper is-layout-flex wp-container-core-columns-is-layout-9d6595d7 wp-block-columns-is-layout-flex eplus-styles-uid-b2198c\">\n<div class=\"wp-block-column eplus-wrapper is-layout-flow wp-block-column-is-layout-flow\">\n<h3 class=\"ext-mt-0 ext-mb-base ext-p-0 has-white-color has-text-color has-ext-large-font-size eplus-wrapper wp-block-heading\" id=\"who-we-are\">Ligota  Turawska<\/h3>\n\n\n\n<p class=\"has-white-color has-text-color eplus-wrapper\">parafia <strong>\u015bw. Katarzyny Aleksandryjskiej<\/strong><\/p>\n<\/div>\n\n\n\n<div class=\"wp-block-column eplus-wrapper is-layout-flow wp-block-column-is-layout-flow\">\n<h3 class=\"ext-mt-0 ext-mb-base ext-p-0 has-white-color has-text-color has-ext-large-font-size eplus-wrapper wp-block-heading\" id=\"what-we-do\">Nysa<\/h3>\n\n\n\n<p class=\"ext-p-0 ext-mt-0 has-white-color has-text-color eplus-wrapper\">parafia <strong>\u015bw. Jakuba Aposto\u0142a i \u015bw. Agnieszki<\/strong><\/p>\n<\/div>\n\n\n\n<div class=\"wp-block-column eplus-wrapper is-layout-flow wp-block-column-is-layout-flow\">\n<h2 class=\"ext-mt-0 ext-mb-base ext-p-0 has-white-color has-text-color has-ext-large-font-size eplus-wrapper wp-block-heading\" id=\"how-we-do-it\">Strzelce Opolskie<\/h2>\n\n\n\n<p class=\"ext-mt-0 ext-p-0 has-white-color has-text-color eplus-wrapper\">parafia <strong>\u015bw. Wawrzy\u0144ca<\/strong><\/p>\n<\/div>\n<\/div>\n\n<div class=\"tablet:fullwidth-cols ext-mt-base wp-block-columns alignwide eplus-wrapper is-layout-flex wp-container-core-columns-is-layout-9d6595d7 wp-block-columns-is-layout-flex eplus-styles-uid-166366\">\n<div class=\"editor:no-inserter wp-block-column eplus-wrapper is-layout-flow wp-block-column-is-layout-flow\" style=\"flex-basis:34%\"><\/div>\n\n\n\n<div class=\"editor:no-inserter ext-m-0 wp-block-column eplus-wrapper is-layout-flow wp-block-column-is-layout-flow\" style=\"flex-basis:66.6%\">\n<figure class=\"editor:no-caption ext-mb-0 wp-block-image size-full eplus-wrapper\"><img fetchpriority=\"high\" decoding=\"async\" width=\"544\" height=\"299\" src=\"https:\/\/www.oazaopole.pl\/wp-content\/uploads\/2022\/12\/derniereCene.jpg\" alt=\"\" class=\"wp-image-2052\" srcset=\"https:\/\/www.oazaopole.pl\/wp-content\/uploads\/2022\/12\/derniereCene.jpg 544w, https:\/\/www.oazaopole.pl\/wp-content\/uploads\/2022\/12\/derniereCene-300x165.jpg 300w\" sizes=\"(max-width: 544px) 100vw, 544px\" \/><\/figure>\n<\/div>\n<\/div><\/div><\/div>\n","protected":false},"excerpt":{"rendered":"<p>Wsp\u00f3lnoty w naszej diecezji : Opole parafia Przemienienia Pa\u0144skiego Krapkowice parafia \u015bw. Miko\u0142aja Prudnik parafia \u015bw. Micha\u0142a Archanio\u0142a Ligota Turawska parafia \u015bw. Katarzyny Aleksandryjskiej Nysa parafia \u015bw. Jakuba Aposto\u0142a i \u015bw. Agnieszki Strzelce Opolskie parafia \u015bw. Wawrzy\u0144ca<\/p>\n","protected":false},"author":1,"featured_media":0,"parent":837,"menu_order":0,"comment_status":"closed","ping_status":"closed","template":"","meta":{"_coblocks_attr":"","_coblocks_dimensions":"","_coblocks_responsive_height":"","_coblocks_accordion_ie_support":"","editor_plus_copied_stylings":"{}","footnotes":""},"class_list":["post-886","page","type-page","status-publish","hentry"],"featured_media_urls":[],"_links":{"self":[{"href":"https:\/\/www.oazaopole.pl\/index.php?rest_route=\/wp\/v2\/pages\/886","targetHints":{"allow":["GET"]}}],"collection":[{"href":"https:\/\/www.oazaopole.pl\/index.php?rest_route=\/wp\/v2\/pages"}],"about":[{"href":"https:\/\/www.oazaopole.pl\/index.php?rest_route=\/wp\/v2\/types\/page"}],"author":[{"embeddable":true,"href":"https:\/\/www.oazaopole.pl\/index.php?rest_route=\/wp\/v2\/users\/1"}],"replies":[{"embeddable":true,"href":"https:\/\/www.oazaopole.pl\/index.php?rest_route=%2Fwp%2Fv2%2Fcomments&post=886"}],"version-history":[{"count":7,"href":"https:\/\/www.oazaopole.pl\/index.php?rest_route=\/wp\/v2\/pages\/886\/revisions"}],"predecessor-version":[{"id":2053,"href":"https:\/\/www.oazaopole.pl\/index.php?rest_route=\/wp\/v2\/pages\/886\/revisions\/2053"}],"up":[{"embeddable":true,"href":"https:\/\/www.oazaopole.pl\/index.php?rest_route=\/wp\/v2\/pages\/837"}],"wp:attachment":[{"href":"https:\/\/www.oazaopole.pl\/index.php?rest_route=%2Fwp%2Fv2%2Fmedia&parent=886"}],"curies":[{"name":"wp","href":"https:\/\/api.w.org\/{rel}","templated":true}]}}