{"id":897,"date":"2017-06-25T17:16:09","date_gmt":"2017-06-25T17:16:09","guid":{"rendered":"http:\/\/www.oazaopole.pl\/?page_id=897"},"modified":"2023-12-10T12:28:50","modified_gmt":"2023-12-10T10:28:50","slug":"diakonia-modlitwy","status":"publish","type":"page","link":"https:\/\/www.oazaopole.pl\/?page_id=897","title":{"rendered":"Diakonia modlitwy"},"content":{"rendered":"<div class=\"edplus_anim-e71Ot9 wp-block-group alignfull has-black-background-color has-background ext-my-0 editor:no-inserter ext-py-lg eplus-wrapper eplus-styles-uid-db315c\"><div class=\"wp-block-group__inner-container is-layout-constrained wp-block-group-is-layout-constrained\"><div class=\"wp-block-columns alignwide is-not-stacked-on-mobile ext-mb-lg ext-mt-0 eplus-wrapper is-layout-flex wp-container-core-columns-is-layout-9d6595d7 wp-block-columns-is-layout-flex eplus-styles-uid-dc15d5\">\n<div class=\"editor:no-inserter ext-mb-base bring-to-front tablet:ext--right-lg ext--right-base wp-block-column is-vertically-aligned-bottom eplus-wrapper is-layout-flow wp-block-column-is-layout-flow\" style=\"flex-basis:25%\">\n<figure class=\"editor:no-caption editor:no-resize is-style-skewed wp-block-image size-large eplus-wrapper\"><img decoding=\"async\" src=\"https:\/\/images.unsplash.com\/photo-1587317996329-b628c47000fe?w=1600&amp;h=1600&amp;crop=entropy,faces&amp;fit=crop\" alt=\"\"><\/figure>\n<\/div>\n\n\n\n<div class=\"editor:no-inserter ext-m-0 wp-block-column is-vertically-aligned-center eplus-wrapper is-layout-flow wp-block-column-is-layout-flow\" style=\"flex-basis:50%\">\n<figure class=\"ext-m-0 wp-block-image size-full eplus-wrapper\"><img fetchpriority=\"high\" decoding=\"async\" width=\"602\" height=\"900\" src=\"https:\/\/www.oazaopole.pl\/wp-content\/uploads\/2022\/09\/monstrancja-1.jpg\" alt=\"\" class=\"wp-image-1911\" srcset=\"https:\/\/www.oazaopole.pl\/wp-content\/uploads\/2022\/09\/monstrancja-1.jpg 602w, https:\/\/www.oazaopole.pl\/wp-content\/uploads\/2022\/09\/monstrancja-1-201x300.jpg 201w, https:\/\/www.oazaopole.pl\/wp-content\/uploads\/2022\/09\/monstrancja-1-600x897.jpg 600w\" sizes=\"(max-width: 602px) 100vw, 602px\" \/><\/figure>\n<\/div>\n\n\n\n<div class=\"editor:no-inserter ext-mt-base ext-ml-0 bring-to-front tablet:ext--left-lg ext--left-base wp-block-column eplus-wrapper is-layout-flow wp-block-column-is-layout-flow\" style=\"flex-basis:25%\">\n<figure class=\"editor:no-caption editor:no-resize wp-block-image size-large eplus-wrapper\"><img decoding=\"async\" src=\"https:\/\/images.unsplash.com\/photo-1567696153798-9111f9cd3d0d?w=1600&amp;h=1600&amp;crop=entropy,faces&amp;fit=crop\" alt=\"\"><\/figure>\n<\/div>\n<\/div>\n\n\n<h2 class=\" wp-block-heading alignwide has-text-align-center has-white-color has-text-color has-ext-x-large-font-size ext-mt-base ext-mb-0 eplus-wrapper\" id=\"creative-workflows\">Diakonia modlitwy<\/h2>\n\n\n\n<p class=\" has-text-align-center has-white-color has-text-color eplus-wrapper\">Diakonia Modlitwy musi by\u0107 widziana w powi\u0105zaniu z wszystkimi innymi diakoniami, bo bez modlitwy \u017cadne z (\u2026) zada\u0144 nie mo\u017ce by\u0107 realizowane, ale r\u00f3wnocze\u015bnie diakonia modlitwy ma na uwadze pog\u0142\u0119bianie samego \u017cycia modlitwy (\u2026). Grupy modlitewne tak musz\u0105 by\u0107 ustawione, aby widzia\u0142y siebie na us\u0142ugach parafii, w\u0142a\u015bnie jako diakonia, kt\u00f3ra innych prowadzi do modlitwy i sama si\u0119 modli. <br>Dlatego w ca\u0142ym procesie odnowy Ko\u015bcio\u0142a lokalnego diakonia modlitwy musi by\u0107 widziana jako diakonia fundamentalna. (Ks. Franciszek Blachnicki).<br>Diecezjalna Diakonia Modlitwy Ruchu \u015awiat\u0142o &#8211; \u017bycie diecezji opolskiej spotyka si\u0119 raz w miesi\u0105cu przewa\u017cnie w Opolu. W czasie spotkania jest czas na adoracj\u0119 Naj\u015bwi\u0119tszego Sakramentu, konferencj\u0119, dzielenie si\u0119 s\u0142owem Bo\u017cym i codziennym \u017cyciem. Diakonia Modlitwy swoj\u0105 modlitw\u0105 wspiera to wszystko, co dzieje si\u0119 i czym \u017cyje Ruch. Modli si\u0119 r\u00f3wnie\u017c za ca\u0142y Ko\u015bci\u00f3\u0142 i za ka\u017cdego cz\u0142owieka.<\/p>\n\n\n\n<div class=\"wp-block-buttons ext-mt-base ext-mb-0 eplus-wrapper is-horizontal is-content-justification-center is-layout-flex wp-container-core-buttons-is-layout-499968f5 wp-block-buttons-is-layout-flex\"><div class=\" wp-block-button eplus-wrapper eplus-styles-uid-880b90\"><a class=\"wp-block-button__link has-black-color has-white-background-color has-text-color has-background wp-element-button\" href=\"\">instagram diakonii<\/a><\/div><\/div>\n\n\n\n<div class=\"wp-block-buttons ext-mt-base ext-mb-0 eplus-wrapper is-horizontal is-content-justification-center is-layout-flex wp-container-core-buttons-is-layout-499968f5 wp-block-buttons-is-layout-flex\"><div class=\" wp-block-button eplus-wrapper eplus-styles-uid-fb5f8d\"><a class=\"wp-block-button__link has-black-color has-white-background-color has-text-color has-background wp-element-button\" href=\"https:\/\/forms.gle\/DjHzz9pzwP1RzUY6A\" target=\"_blank\" rel=\"noreferrer noopener\">SKRZYNKA INTENCJI<\/a><\/div><\/div>\n<\/div><\/div>","protected":false},"excerpt":{"rendered":"<p>Diakonia modlitwy Diakonia Modlitwy musi by\u0107 widziana w powi\u0105zaniu z wszystkimi innymi diakoniami, bo bez modlitwy \u017cadne z (\u2026) zada\u0144 nie mo\u017ce by\u0107 realizowane, ale r\u00f3wnocze\u015bnie diakonia modlitwy ma na uwadze pog\u0142\u0119bianie samego \u017cycia modlitwy (\u2026). Grupy modlitewne tak musz\u0105 by\u0107 ustawione, aby widzia\u0142y siebie na us\u0142ugach parafii, w\u0142a\u015bnie jako diakonia, kt\u00f3ra innych prowadzi do &hellip; <\/p>\n<p class=\"link-more\"><a href=\"https:\/\/www.oazaopole.pl\/?page_id=897\" class=\"more-link\">Read more<span class=\"screen-reader-text\"> &#8220;Diakonia modlitwy&#8221;<\/span><\/a><\/p>\n","protected":false},"author":1,"featured_media":0,"parent":839,"menu_order":0,"comment_status":"closed","ping_status":"closed","template":"","meta":{"_coblocks_attr":"","_coblocks_dimensions":"","_coblocks_responsive_height":"","_coblocks_accordion_ie_support":"","editor_plus_copied_stylings":"{}","footnotes":""},"class_list":["post-897","page","type-page","status-publish","hentry"],"featured_media_urls":[],"_links":{"self":[{"href":"https:\/\/www.oazaopole.pl\/index.php?rest_route=\/wp\/v2\/pages\/897","targetHints":{"allow":["GET"]}}],"collection":[{"href":"https:\/\/www.oazaopole.pl\/index.php?rest_route=\/wp\/v2\/pages"}],"about":[{"href":"https:\/\/www.oazaopole.pl\/index.php?rest_route=\/wp\/v2\/types\/page"}],"author":[{"embeddable":true,"href":"https:\/\/www.oazaopole.pl\/index.php?rest_route=\/wp\/v2\/users\/1"}],"replies":[{"embeddable":true,"href":"https:\/\/www.oazaopole.pl\/index.php?rest_route=%2Fwp%2Fv2%2Fcomments&post=897"}],"version-history":[{"count":17,"href":"https:\/\/www.oazaopole.pl\/index.php?rest_route=\/wp\/v2\/pages\/897\/revisions"}],"predecessor-version":[{"id":2109,"href":"https:\/\/www.oazaopole.pl\/index.php?rest_route=\/wp\/v2\/pages\/897\/revisions\/2109"}],"up":[{"embeddable":true,"href":"https:\/\/www.oazaopole.pl\/index.php?rest_route=\/wp\/v2\/pages\/839"}],"wp:attachment":[{"href":"https:\/\/www.oazaopole.pl\/index.php?rest_route=%2Fwp%2Fv2%2Fmedia&parent=897"}],"curies":[{"name":"wp","href":"https:\/\/api.w.org\/{rel}","templated":true}]}}